{"id":1064,"date":"2024-05-20T11:54:05","date_gmt":"2024-05-20T11:54:05","guid":{"rendered":"https:\/\/limpiezasmuper.com\/?post_type=product&#038;p=1064"},"modified":"2024-05-22T10:33:47","modified_gmt":"2024-05-22T10:33:47","slug":"reveton","status":"publish","type":"product","link":"https:\/\/limpiezasmuper.com\/?product=reveton","title":{"rendered":"REVET\u00d3N."},"content":{"rendered":"<p>Esmalte alc\u00eddico de acabado brillante con efecto anticorrosivo .<\/p>\n<p>Adecuado para la protecci\u00f3n de superficies met\u00e1licas que requieran buena resistencia(puertas ,ventanas ,rejas, vallas ,tubos de conducci\u00f3n ,muebles, veh\u00edculos industriales, embarcaciones de madera y dep\u00f3sitos ).<\/p>\n","protected":false},"excerpt":{"rendered":"<p>Esmalte Sint\u00e9tico Brillante.<\/p>\n","protected":false},"featured_media":1065,"template":"","meta":{"_kadence_starter_templates_imported_post":false,"_kad_post_transparent":"default","_kad_post_title":"","_kad_post_layout":"default","_kad_post_sidebar_id":"","_kad_post_content_style":"default","_kad_post_vertical_padding":"default","_kad_post_feature":"","_kad_post_feature_position":"","_kad_post_header":false,"_kad_post_footer":false,"_kad_post_classname":""},"product_brand":[],"product_cat":[34],"product_tag":[],"class_list":{"0":"post-1064","1":"product","2":"type-product","3":"status-publish","4":"has-post-thumbnail","6":"product_cat-pintura","8":"first","9":"instock","10":"shipping-taxable","11":"product-type-simple","12":"entry","13":"content-bg","14":"loop-entry"},"jetpack_sharing_enabled":true,"_links":{"self":[{"href":"https:\/\/limpiezasmuper.com\/index.php?rest_route=\/wp\/v2\/product\/1064","targetHints":{"allow":["GET"]}}],"collection":[{"href":"https:\/\/limpiezasmuper.com\/index.php?rest_route=\/wp\/v2\/product"}],"about":[{"href":"https:\/\/limpiezasmuper.com\/index.php?rest_route=\/wp\/v2\/types\/product"}],"wp:featuredmedia":[{"embeddable":true,"href":"https:\/\/limpiezasmuper.com\/index.php?rest_route=\/wp\/v2\/media\/1065"}],"wp:attachment":[{"href":"https:\/\/limpiezasmuper.com\/index.php?rest_route=%2Fwp%2Fv2%2Fmedia&parent=1064"}],"wp:term":[{"taxonomy":"product_brand","embeddable":true,"href":"https:\/\/limpiezasmuper.com\/index.php?rest_route=%2Fwp%2Fv2%2Fproduct_brand&post=1064"},{"taxonomy":"product_cat","embeddable":true,"href":"https:\/\/limpiezasmuper.com\/index.php?rest_route=%2Fwp%2Fv2%2Fproduct_cat&post=1064"},{"taxonomy":"product_tag","embeddable":true,"href":"https:\/\/limpiezasmuper.com\/index.php?rest_route=%2Fwp%2Fv2%2Fproduct_tag&post=1064"}],"curies":[{"name":"wp","href":"https:\/\/api.w.org\/{rel}","templated":true}]}}